{"id":918,"date":"2022-03-15T19:33:05","date_gmt":"2022-03-15T17:33:05","guid":{"rendered":"https:\/\/hecttar68.fr\/padda68\/?page_id=918"},"modified":"2022-04-07T20:43:39","modified_gmt":"2022-04-07T18:43:39","slug":"vente-jeune-padda","status":"publish","type":"page","link":"https:\/\/hecttar68.fr\/padda68\/vente-jeune-padda\/","title":{"rendered":"Vente jeune padda"},"content":{"rendered":"\t\t<div data-elementor-type=\"wp-page\" data-elementor-id=\"918\" class=\"elementor elementor-918\">\n\t\t\t\t\t\t<section class=\"elementor-section elementor-top-section elementor-element elementor-element-33e836d elementor-section-boxed elementor-section-height-default elementor-section-height-default\" data-id=\"33e836d\" data-element_type=\"section\" data-e-type=\"section\">\n\t\t\t\t\t\t<div class=\"elementor-container elementor-column-gap-default\">\n\t\t\t\t\t<div class=\"elementor-column elementor-col-100 elementor-top-column elementor-element elementor-element-64e4cc4c\" data-id=\"64e4cc4c\" data-element_type=\"column\" data-e-type=\"column\">\n\t\t\t<div class=\"elementor-widget-wrap elementor-element-populated\">\n\t\t\t\t\t\t<div class=\"elementor-element elementor-element-7ef4a394 elementor-widget elementor-widget-text-editor\" data-id=\"7ef4a394\" data-element_type=\"widget\" data-e-type=\"widget\" data-widget_type=\"text-editor.default\">\n\t\t\t\t<div class=\"elementor-widget-container\">\n\t\t\t\t\t\t\t\t\t\n<div class=\"wp-block-themeisle-blocks-advanced-columns has-2-columns has-desktop-equal-layout has-tablet-equal-layout has-mobile-collapsedRows-layout has-default-gap has-vertical-unset\" id=\"wp-block-themeisle-blocks-advanced-columns-c7e68ff4\"><div class=\"wp-block-themeisle-blocks-advanced-columns-overlay\"><\/div><div class=\"innerblocks-wrap\">\n<div class=\"wp-block-themeisle-blocks-advanced-column\" id=\"wp-block-themeisle-blocks-advanced-column-f707dbe4\"><\/div>\n\n\n\n<div class=\"wp-block-themeisle-blocks-advanced-column\" id=\"wp-block-themeisle-blocks-advanced-column-6b57dece\"><\/div>\n<\/div><\/div>\n\t\t\t\t\t\t\t\t<\/div>\n\t\t\t\t<\/div>\n\t\t\t\t\t<\/div>\n\t\t<\/div>\n\t\t\t\t\t<\/div>\n\t\t<\/section>\n\t\t\t\t<section class=\"elementor-section elementor-top-section elementor-element elementor-element-da33227 elementor-section-boxed elementor-section-height-default elementor-section-height-default\" data-id=\"da33227\" data-element_type=\"section\" data-e-type=\"section\">\n\t\t\t\t\t\t<div class=\"elementor-container elementor-column-gap-default\">\n\t\t\t\t\t<div class=\"elementor-column elementor-col-100 elementor-top-column elementor-element elementor-element-639827c\" data-id=\"639827c\" data-element_type=\"column\" data-e-type=\"column\">\n\t\t\t<div class=\"elementor-widget-wrap elementor-element-populated\">\n\t\t\t\t\t\t<div class=\"elementor-element elementor-element-558c41d elementor-widget elementor-widget-heading\" data-id=\"558c41d\" data-element_type=\"widget\" data-e-type=\"widget\" data-widget_type=\"heading.default\">\n\t\t\t\t<div class=\"elementor-widget-container\">\n\t\t\t\t\t<h2 class=\"elementor-heading-title elementor-size-default\">il n'y a pas toujours des ventes , un seul couple<\/h2>\t\t\t\t<\/div>\n\t\t\t\t<\/div>\n\t\t\t\t\t<\/div>\n\t\t<\/div>\n\t\t\t\t\t<\/div>\n\t\t<\/section>\n\t\t\t\t<\/div>\n\t\t","protected":false},"excerpt":{"rendered":"<p>il n&rsquo;y a pas toujours des ventes , un seul couple<\/p>\n","protected":false},"author":1,"featured_media":0,"parent":0,"menu_order":0,"comment_status":"closed","ping_status":"closed","template":"","meta":{"ocean_post_layout":"full-screen","ocean_both_sidebars_style":"","ocean_both_sidebars_content_width":0,"ocean_both_sidebars_sidebars_width":0,"ocean_sidebar":"0","ocean_second_sidebar":"0","ocean_disable_margins":"enable","ocean_add_body_class":"","ocean_shortcode_before_top_bar":"","ocean_shortcode_after_top_bar":"","ocean_shortcode_before_header":"","ocean_shortcode_after_header":"","ocean_has_shortcode":"","ocean_shortcode_after_title":"","ocean_shortcode_before_footer_widgets":"","ocean_shortcode_after_footer_widgets":"","ocean_shortcode_before_footer_bottom":"","ocean_shortcode_after_footer_bottom":"","ocean_display_top_bar":"default","ocean_display_header":"default","ocean_header_style":"","ocean_center_header_left_menu":"0","ocean_custom_header_template":"0","ocean_custom_logo":0,"ocean_custom_retina_logo":0,"ocean_custom_logo_max_width":0,"ocean_custom_logo_tablet_max_width":0,"ocean_custom_logo_mobile_max_width":0,"ocean_custom_logo_max_height":0,"ocean_custom_logo_tablet_max_height":0,"ocean_custom_logo_mobile_max_height":0,"ocean_header_custom_menu":"0","ocean_menu_typo_font_family":"0","ocean_menu_typo_font_subset":"","ocean_menu_typo_font_size":0,"ocean_menu_typo_font_size_tablet":0,"ocean_menu_typo_font_size_mobile":0,"ocean_menu_typo_font_size_unit":"px","ocean_menu_typo_font_weight":"","ocean_menu_typo_font_weight_tablet":"","ocean_menu_typo_font_weight_mobile":"","ocean_menu_typo_transform":"","ocean_menu_typo_transform_tablet":"","ocean_menu_typo_transform_mobile":"","ocean_menu_typo_line_height":0,"ocean_menu_typo_line_height_tablet":0,"ocean_menu_typo_line_height_mobile":0,"ocean_menu_typo_line_height_unit":"","ocean_menu_typo_spacing":0,"ocean_menu_typo_spacing_tablet":0,"ocean_menu_typo_spacing_mobile":0,"ocean_menu_typo_spacing_unit":"","ocean_menu_link_color":"","ocean_menu_link_color_hover":"","ocean_menu_link_color_active":"","ocean_menu_link_background":"","ocean_menu_link_hover_background":"","ocean_menu_link_active_background":"","ocean_menu_social_links_bg":"","ocean_menu_social_hover_links_bg":"","ocean_menu_social_links_color":"","ocean_menu_social_hover_links_color":"","ocean_disable_title":"default","ocean_disable_heading":"default","ocean_post_title":"","ocean_post_subheading":"","ocean_post_title_style":"","ocean_post_title_background_color":"","ocean_post_title_background":0,"ocean_post_title_bg_image_position":"","ocean_post_title_bg_image_attachment":"","ocean_post_title_bg_image_repeat":"","ocean_post_title_bg_image_size":"","ocean_post_title_height":0,"ocean_post_title_bg_overlay":0.5,"ocean_post_title_bg_overlay_color":"","ocean_disable_breadcrumbs":"default","ocean_breadcrumbs_color":"","ocean_breadcrumbs_separator_color":"","ocean_breadcrumbs_links_color":"","ocean_breadcrumbs_links_hover_color":"","ocean_display_footer_widgets":"default","ocean_display_footer_bottom":"default","ocean_custom_footer_template":"0","footnotes":""},"class_list":["post-918","page","type-page","status-publish","hentry","entry"],"yoast_head":"<!-- This site is optimized with the Yoast SEO plugin v27.4 - https:\/\/yoast.com\/product\/yoast-seo-wordpress\/ -->\n<title>Vente jeune padda - PADDA EN ALSACE<\/title>\n<meta name=\"robots\" content=\"index, follow, max-snippet:-1, max-image-preview:large, max-video-preview:-1\" \/>\n<link rel=\"canonical\" href=\"https:\/\/hecttar68.fr\/padda68\/vente-jeune-padda\/\" \/>\n<meta property=\"og:locale\" content=\"fr_FR\" \/>\n<meta property=\"og:type\" content=\"article\" \/>\n<meta property=\"og:title\" content=\"Vente jeune padda - PADDA EN ALSACE\" \/>\n<meta property=\"og:description\" content=\"il n&rsquo;y a pas toujours des ventes , un seul couple\" \/>\n<meta property=\"og:url\" content=\"https:\/\/hecttar68.fr\/padda68\/vente-jeune-padda\/\" \/>\n<meta property=\"og:site_name\" content=\"PADDA EN ALSACE\" \/>\n<meta property=\"article:modified_time\" content=\"2022-04-07T18:43:39+00:00\" \/>\n<meta name=\"twitter:label1\" content=\"Dur\u00e9e de lecture estim\u00e9e\" \/>\n\t<meta name=\"twitter:data1\" content=\"1 minute\" \/>\n<script type=\"application\/ld+json\" class=\"yoast-schema-graph\">{\"@context\":\"https:\\\/\\\/schema.org\",\"@graph\":[{\"@type\":\"WebPage\",\"@id\":\"https:\\\/\\\/hecttar68.fr\\\/padda68\\\/vente-jeune-padda\\\/\",\"url\":\"https:\\\/\\\/hecttar68.fr\\\/padda68\\\/vente-jeune-padda\\\/\",\"name\":\"Vente jeune padda - PADDA EN ALSACE\",\"isPartOf\":{\"@id\":\"https:\\\/\\\/hecttar68.fr\\\/padda68\\\/#website\"},\"datePublished\":\"2022-03-15T17:33:05+00:00\",\"dateModified\":\"2022-04-07T18:43:39+00:00\",\"inLanguage\":\"fr-FR\",\"potentialAction\":[{\"@type\":\"ReadAction\",\"target\":[\"https:\\\/\\\/hecttar68.fr\\\/padda68\\\/vente-jeune-padda\\\/\"]}]},{\"@type\":\"WebSite\",\"@id\":\"https:\\\/\\\/hecttar68.fr\\\/padda68\\\/#website\",\"url\":\"https:\\\/\\\/hecttar68.fr\\\/padda68\\\/\",\"name\":\"PADDA EN ALSACE\",\"description\":\"Exp\u00e9rience en tant que d\u00e9butant sur l&#039;\u00e9levage de PADDA\",\"publisher\":{\"@id\":\"https:\\\/\\\/hecttar68.fr\\\/padda68\\\/#\\\/schema\\\/person\\\/77a4a54746e7c6eece2474c96338c6d0\"},\"potentialAction\":[{\"@type\":\"SearchAction\",\"target\":{\"@type\":\"EntryPoint\",\"urlTemplate\":\"https:\\\/\\\/hecttar68.fr\\\/padda68\\\/?s={search_term_string}\"},\"query-input\":{\"@type\":\"PropertyValueSpecification\",\"valueRequired\":true,\"valueName\":\"search_term_string\"}}],\"inLanguage\":\"fr-FR\"},{\"@type\":[\"Person\",\"Organization\"],\"@id\":\"https:\\\/\\\/hecttar68.fr\\\/padda68\\\/#\\\/schema\\\/person\\\/77a4a54746e7c6eece2474c96338c6d0\",\"name\":\"admin\",\"image\":{\"@type\":\"ImageObject\",\"inLanguage\":\"fr-FR\",\"@id\":\"https:\\\/\\\/hecttar68.fr\\\/padda68\\\/wp-content\\\/uploads\\\/2021\\\/08\\\/20210803_171132.jpg\",\"url\":\"https:\\\/\\\/hecttar68.fr\\\/padda68\\\/wp-content\\\/uploads\\\/2021\\\/08\\\/20210803_171132.jpg\",\"contentUrl\":\"https:\\\/\\\/hecttar68.fr\\\/padda68\\\/wp-content\\\/uploads\\\/2021\\\/08\\\/20210803_171132.jpg\",\"width\":1920,\"height\":1597,\"caption\":\"admin\"},\"logo\":{\"@id\":\"https:\\\/\\\/hecttar68.fr\\\/padda68\\\/wp-content\\\/uploads\\\/2021\\\/08\\\/20210803_171132.jpg\"}}]}<\/script>\n<!-- \/ Yoast SEO plugin. -->","yoast_head_json":{"title":"Vente jeune padda - PADDA EN ALSACE","robots":{"index":"index","follow":"follow","max-snippet":"max-snippet:-1","max-image-preview":"max-image-preview:large","max-video-preview":"max-video-preview:-1"},"canonical":"https:\/\/hecttar68.fr\/padda68\/vente-jeune-padda\/","og_locale":"fr_FR","og_type":"article","og_title":"Vente jeune padda - PADDA EN ALSACE","og_description":"il n&rsquo;y a pas toujours des ventes , un seul couple","og_url":"https:\/\/hecttar68.fr\/padda68\/vente-jeune-padda\/","og_site_name":"PADDA EN ALSACE","article_modified_time":"2022-04-07T18:43:39+00:00","twitter_misc":{"Dur\u00e9e de lecture estim\u00e9e":"1 minute"},"schema":{"@context":"https:\/\/schema.org","@graph":[{"@type":"WebPage","@id":"https:\/\/hecttar68.fr\/padda68\/vente-jeune-padda\/","url":"https:\/\/hecttar68.fr\/padda68\/vente-jeune-padda\/","name":"Vente jeune padda - PADDA EN ALSACE","isPartOf":{"@id":"https:\/\/hecttar68.fr\/padda68\/#website"},"datePublished":"2022-03-15T17:33:05+00:00","dateModified":"2022-04-07T18:43:39+00:00","inLanguage":"fr-FR","potentialAction":[{"@type":"ReadAction","target":["https:\/\/hecttar68.fr\/padda68\/vente-jeune-padda\/"]}]},{"@type":"WebSite","@id":"https:\/\/hecttar68.fr\/padda68\/#website","url":"https:\/\/hecttar68.fr\/padda68\/","name":"PADDA EN ALSACE","description":"Exp\u00e9rience en tant que d\u00e9butant sur l&#039;\u00e9levage de PADDA","publisher":{"@id":"https:\/\/hecttar68.fr\/padda68\/#\/schema\/person\/77a4a54746e7c6eece2474c96338c6d0"},"potentialAction":[{"@type":"SearchAction","target":{"@type":"EntryPoint","urlTemplate":"https:\/\/hecttar68.fr\/padda68\/?s={search_term_string}"},"query-input":{"@type":"PropertyValueSpecification","valueRequired":true,"valueName":"search_term_string"}}],"inLanguage":"fr-FR"},{"@type":["Person","Organization"],"@id":"https:\/\/hecttar68.fr\/padda68\/#\/schema\/person\/77a4a54746e7c6eece2474c96338c6d0","name":"admin","image":{"@type":"ImageObject","inLanguage":"fr-FR","@id":"https:\/\/hecttar68.fr\/padda68\/wp-content\/uploads\/2021\/08\/20210803_171132.jpg","url":"https:\/\/hecttar68.fr\/padda68\/wp-content\/uploads\/2021\/08\/20210803_171132.jpg","contentUrl":"https:\/\/hecttar68.fr\/padda68\/wp-content\/uploads\/2021\/08\/20210803_171132.jpg","width":1920,"height":1597,"caption":"admin"},"logo":{"@id":"https:\/\/hecttar68.fr\/padda68\/wp-content\/uploads\/2021\/08\/20210803_171132.jpg"}}]}},"_links":{"self":[{"href":"https:\/\/hecttar68.fr\/padda68\/wp-json\/wp\/v2\/pages\/918","targetHints":{"allow":["GET"]}}],"collection":[{"href":"https:\/\/hecttar68.fr\/padda68\/wp-json\/wp\/v2\/pages"}],"about":[{"href":"https:\/\/hecttar68.fr\/padda68\/wp-json\/wp\/v2\/types\/page"}],"author":[{"embeddable":true,"href":"https:\/\/hecttar68.fr\/padda68\/wp-json\/wp\/v2\/users\/1"}],"replies":[{"embeddable":true,"href":"https:\/\/hecttar68.fr\/padda68\/wp-json\/wp\/v2\/comments?post=918"}],"version-history":[{"count":3,"href":"https:\/\/hecttar68.fr\/padda68\/wp-json\/wp\/v2\/pages\/918\/revisions"}],"predecessor-version":[{"id":990,"href":"https:\/\/hecttar68.fr\/padda68\/wp-json\/wp\/v2\/pages\/918\/revisions\/990"}],"wp:attachment":[{"href":"https:\/\/hecttar68.fr\/padda68\/wp-json\/wp\/v2\/media?parent=918"}],"curies":[{"name":"wp","href":"https:\/\/api.w.org\/{rel}","templated":true}]}}