{"id":113,"date":"2021-07-31T17:37:23","date_gmt":"2021-07-31T16:37:23","guid":{"rendered":"https:\/\/hecttar68.fr\/padda68\/?page_id=113"},"modified":"2021-08-02T14:28:43","modified_gmt":"2021-08-02T13:28:43","slug":"reproduction","status":"publish","type":"page","link":"https:\/\/hecttar68.fr\/padda68\/reproduction\/","title":{"rendered":"Reproduction"},"content":{"rendered":"\t\t<div data-elementor-type=\"wp-page\" data-elementor-id=\"113\" class=\"elementor elementor-113\">\n\t\t\t\t\t\t<section class=\"elementor-section elementor-top-section elementor-element elementor-element-20f1cbb2 elementor-section-boxed elementor-section-height-default elementor-section-height-default\" data-id=\"20f1cbb2\" data-element_type=\"section\" data-e-type=\"section\">\n\t\t\t\t\t\t<div class=\"elementor-container elementor-column-gap-default\">\n\t\t\t\t\t<div class=\"elementor-column elementor-col-100 elementor-top-column elementor-element elementor-element-6c676e61\" data-id=\"6c676e61\" data-element_type=\"column\" data-e-type=\"column\">\n\t\t\t<div class=\"elementor-widget-wrap elementor-element-populated\">\n\t\t\t\t\t\t<div class=\"elementor-element elementor-element-266d5b43 elementor-widget elementor-widget-text-editor\" data-id=\"266d5b43\" data-element_type=\"widget\" data-e-type=\"widget\" data-widget_type=\"text-editor.default\">\n\t\t\t\t<div class=\"elementor-widget-container\">\n\t\t\t\t\t\t\t\t\t\n<div class=\"wp-block-themeisle-blocks-advanced-columns has-undefined-columns has-desktop-undefined-layout has-tablet-equal-layout has-mobile-equal-layout has-default-gap has-vertical-unset\" id=\"wp-block-themeisle-blocks-advanced-columns-71c3993a\"><div class=\"wp-block-themeisle-blocks-advanced-columns-overlay\"><\/div><div class=\"innerblocks-wrap\"><\/div><\/div>\n\t\t\t\t\t\t\t\t<\/div>\n\t\t\t\t<\/div>\n\t\t\t\t\t<\/div>\n\t\t<\/div>\n\t\t\t\t\t<\/div>\n\t\t<\/section>\n\t\t\t\t<section class=\"elementor-section elementor-top-section elementor-element elementor-element-cba5763 elementor-section-boxed elementor-section-height-default elementor-section-height-default\" data-id=\"cba5763\" data-element_type=\"section\" data-e-type=\"section\" data-settings=\"{&quot;background_background&quot;:&quot;gradient&quot;}\">\n\t\t\t\t\t\t<div class=\"elementor-container elementor-column-gap-default\">\n\t\t\t\t\t<div class=\"elementor-column elementor-col-100 elementor-top-column elementor-element elementor-element-07358ae\" data-id=\"07358ae\" data-element_type=\"column\" data-e-type=\"column\">\n\t\t\t<div class=\"elementor-widget-wrap elementor-element-populated\">\n\t\t\t\t\t\t<div class=\"elementor-element elementor-element-fa095a6 elementor-widget elementor-widget-text-editor\" data-id=\"fa095a6\" data-element_type=\"widget\" data-e-type=\"widget\" data-widget_type=\"text-editor.default\">\n\t\t\t\t<div class=\"elementor-widget-container\">\n\t\t\t\t\t\t\t\t\t<h3>Arriv\u00e9e du couple de Padda de Java le 5 octobre 2020<br>le couple prend ses rep\u00e8res dans la premi\u00e8re cage cela se passe bien&nbsp;<br>le 5 novembre je remplace la cage par la nouvelle , il a fallut qu&rsquo;on les attrapent , ce ne fut pas une mince affaire&nbsp;<br>ils \u00e9taient perdus dans la nouvelle cage mais se sont vite apais\u00e9s&nbsp;<br>nous avons ouvert la cage trois semaines apr\u00e8s et nous les avons laiss\u00e9s tranquille&nbsp;<br>apr\u00e8s quelques jours ils ont commenc\u00e9 \u00e0 sortir , petite excursion au d\u00e9part et de plus en plus loin<br>Ensuite jusqu&rsquo;au 12 mai tout se passait bien, il y a eu plusieurs accouplements , jamais de ponte<br>Mais le 13 mai la femelle ne mangeait plus beaucoup et dormait souvent, le lendemain matin elle est morte<br>Le M\u00e2le paraissant perdu, je d\u00e9cide de racheter une nouvelle femelle Padda blanche le 14 mai<\/h3>\n<h3>je l&rsquo;introduis dans la cage et oh surprise le M\u00e2le devient agressif d\u00e9s qu&rsquo;elle s&rsquo;approche de lui ,le lendemain il a le m\u00eame comportement<\/h3>\n<h3>Nous devions partir en weekend ,en milieu d&rsquo;apr\u00e8s midi mais nous avions l&rsquo;appr\u00e9hension de les laisser seul , qu&rsquo;allions&nbsp; nous trouver en revenant :<br>un tas de plumes ?&nbsp; j&rsquo;avais laiss\u00e9 la cage ferm\u00e9e<br>En rentrant Dimanche soir stup\u00e9faction ils &lsquo;entendaient \u00e0 merveille , blottis l&rsquo;un contre l&rsquo;autre<\/h3>\n<p><\/p>\n<h3>&nbsp;<\/h3>\n<h3>&nbsp;<\/h3>\n<div>&nbsp;<\/div>\n<p><\/p>\t\t\t\t\t\t\t\t<\/div>\n\t\t\t\t<\/div>\n\t\t\t\t\t<\/div>\n\t\t<\/div>\n\t\t\t\t\t<\/div>\n\t\t<\/section>\n\t\t\t\t<section class=\"elementor-section elementor-top-section elementor-element elementor-element-4f33db9 elementor-section-boxed elementor-section-height-default elementor-section-height-default\" data-id=\"4f33db9\" data-element_type=\"section\" data-e-type=\"section\">\n\t\t\t\t\t\t<div class=\"elementor-container elementor-column-gap-default\">\n\t\t\t\t\t<div class=\"elementor-column elementor-col-50 elementor-top-column elementor-element elementor-element-32704aa\" data-id=\"32704aa\" data-element_type=\"column\" data-e-type=\"column\">\n\t\t\t<div class=\"elementor-widget-wrap elementor-element-populated\">\n\t\t\t\t\t\t<div class=\"elementor-element elementor-element-0c2f239 elementor-widget elementor-widget-image\" data-id=\"0c2f239\" data-element_type=\"widget\" data-e-type=\"widget\" data-widget_type=\"image.default\">\n\t\t\t\t<div class=\"elementor-widget-container\">\n\t\t\t\t\t\t\t\t\t\t\t\t<figure class=\"wp-caption\">\n\t\t\t\t\t\t\t\t\t\t<img fetchpriority=\"high\" decoding=\"async\" width=\"768\" height=\"1024\" src=\"https:\/\/hecttar68.fr\/padda68\/wp-content\/uploads\/2021\/08\/IMG_20210602_171747-Copier-768x1024.jpg\" class=\"attachment-large size-large wp-image-282\" alt=\"\" srcset=\"https:\/\/hecttar68.fr\/padda68\/wp-content\/uploads\/2021\/08\/IMG_20210602_171747-Copier-768x1024.jpg 768w, https:\/\/hecttar68.fr\/padda68\/wp-content\/uploads\/2021\/08\/IMG_20210602_171747-Copier-225x300.jpg 225w, https:\/\/hecttar68.fr\/padda68\/wp-content\/uploads\/2021\/08\/IMG_20210602_171747-Copier.jpg 810w\" sizes=\"(max-width: 768px) 100vw, 768px\" \/>\t\t\t\t\t\t\t\t\t\t\t<figcaption class=\"widget-image-caption wp-caption-text\">Femelle Padda Blanche<\/figcaption>\n\t\t\t\t\t\t\t\t\t\t<\/figure>\n\t\t\t\t\t\t\t\t\t<\/div>\n\t\t\t\t<\/div>\n\t\t\t\t\t<\/div>\n\t\t<\/div>\n\t\t\t\t<div class=\"elementor-column elementor-col-50 elementor-top-column elementor-element elementor-element-eecd6d2\" data-id=\"eecd6d2\" data-element_type=\"column\" data-e-type=\"column\">\n\t\t\t<div class=\"elementor-widget-wrap elementor-element-populated\">\n\t\t\t\t\t\t<div class=\"elementor-element elementor-element-2c2251e elementor-widget elementor-widget-image\" data-id=\"2c2251e\" data-element_type=\"widget\" data-e-type=\"widget\" data-widget_type=\"image.default\">\n\t\t\t\t<div class=\"elementor-widget-container\">\n\t\t\t\t\t\t\t\t\t\t\t\t<figure class=\"wp-caption\">\n\t\t\t\t\t\t\t\t\t\t<img decoding=\"async\" width=\"768\" height=\"576\" src=\"https:\/\/hecttar68.fr\/padda68\/wp-content\/uploads\/2021\/08\/IMG_20210708_181819-Copier-768x576.jpg\" class=\"attachment-medium_large size-medium_large wp-image-283\" alt=\"\" srcset=\"https:\/\/hecttar68.fr\/padda68\/wp-content\/uploads\/2021\/08\/IMG_20210708_181819-Copier-768x576.jpg 768w, https:\/\/hecttar68.fr\/padda68\/wp-content\/uploads\/2021\/08\/IMG_20210708_181819-Copier-300x225.jpg 300w, https:\/\/hecttar68.fr\/padda68\/wp-content\/uploads\/2021\/08\/IMG_20210708_181819-Copier-1024x768.jpg 1024w, https:\/\/hecttar68.fr\/padda68\/wp-content\/uploads\/2021\/08\/IMG_20210708_181819-Copier.jpg 1440w\" sizes=\"(max-width: 768px) 100vw, 768px\" \/>\t\t\t\t\t\t\t\t\t\t\t<figcaption class=\"widget-image-caption wp-caption-text\">Voici le nouveau couple<\/figcaption>\n\t\t\t\t\t\t\t\t\t\t<\/figure>\n\t\t\t\t\t\t\t\t\t<\/div>\n\t\t\t\t<\/div>\n\t\t\t\t\t<\/div>\n\t\t<\/div>\n\t\t\t\t\t<\/div>\n\t\t<\/section>\n\t\t\t\t<section class=\"elementor-section elementor-top-section elementor-element elementor-element-d92a0ae elementor-section-boxed elementor-section-height-default elementor-section-height-default\" data-id=\"d92a0ae\" data-element_type=\"section\" data-e-type=\"section\" data-settings=\"{&quot;background_background&quot;:&quot;gradient&quot;}\">\n\t\t\t\t\t\t<div class=\"elementor-container elementor-column-gap-default\">\n\t\t\t\t\t<div class=\"elementor-column elementor-col-100 elementor-top-column elementor-element elementor-element-128e08c\" data-id=\"128e08c\" data-element_type=\"column\" data-e-type=\"column\">\n\t\t\t<div class=\"elementor-widget-wrap elementor-element-populated\">\n\t\t\t\t\t\t<div class=\"elementor-element elementor-element-3e30e1e elementor-widget elementor-widget-text-editor\" data-id=\"3e30e1e\" data-element_type=\"widget\" data-e-type=\"widget\" data-widget_type=\"text-editor.default\">\n\t\t\t\t<div class=\"elementor-widget-container\">\n\t\t\t\t\t\t\t\t\t<h2>la femelle prit rapidement ses rep\u00e8res et il y a plusieurs accouplements\u00a0<br \/>le 29 mai le\u00a0 grand jour arriva Ponte du 1er \u0152uf<\/h2>\n<p>\u00a0<\/p>\t\t\t\t\t\t\t\t<\/div>\n\t\t\t\t<\/div>\n\t\t\t\t\t<\/div>\n\t\t<\/div>\n\t\t\t\t\t<\/div>\n\t\t<\/section>\n\t\t\t\t<section class=\"elementor-section elementor-top-section elementor-element elementor-element-f3f93fd elementor-section-boxed elementor-section-height-default elementor-section-height-default\" data-id=\"f3f93fd\" data-element_type=\"section\" data-e-type=\"section\">\n\t\t\t\t\t\t<div class=\"elementor-container elementor-column-gap-default\">\n\t\t\t\t\t<div class=\"elementor-column elementor-col-100 elementor-top-column elementor-element elementor-element-3cf0d36\" data-id=\"3cf0d36\" data-element_type=\"column\" data-e-type=\"column\">\n\t\t\t<div class=\"elementor-widget-wrap elementor-element-populated\">\n\t\t\t\t\t\t<div class=\"elementor-element elementor-element-136673b elementor-widget elementor-widget-button\" data-id=\"136673b\" data-element_type=\"widget\" data-e-type=\"widget\" data-widget_type=\"button.default\">\n\t\t\t\t<div class=\"elementor-widget-container\">\n\t\t\t\t\t\t\t\t\t<div class=\"elementor-button-wrapper\">\n\t\t\t\t\t<a class=\"elementor-button elementor-button-link elementor-size-sm elementor-animation-push\" href=\"https:\/\/hecttar68.fr\/padda68\/ponte-et-couvaison\/\">\n\t\t\t\t\t\t<span class=\"elementor-button-content-wrapper\">\n\t\t\t\t\t\t\t\t\t<span class=\"elementor-button-text\">Pontes<\/span>\n\t\t\t\t\t<\/span>\n\t\t\t\t\t<\/a>\n\t\t\t\t<\/div>\n\t\t\t\t\t\t\t\t<\/div>\n\t\t\t\t<\/div>\n\t\t\t\t<div class=\"elementor-element elementor-element-57de40f elementor-widget elementor-widget-button\" data-id=\"57de40f\" data-element_type=\"widget\" data-e-type=\"widget\" data-widget_type=\"button.default\">\n\t\t\t\t<div class=\"elementor-widget-container\">\n\t\t\t\t\t\t\t\t\t<div class=\"elementor-button-wrapper\">\n\t\t\t\t\t<a class=\"elementor-button elementor-button-link elementor-size-sm elementor-animation-pop\" href=\"https:\/\/hecttar68.fr\/padda68\/\">\n\t\t\t\t\t\t<span class=\"elementor-button-content-wrapper\">\n\t\t\t\t\t\t\t\t\t<span class=\"elementor-button-text\">Retour Accueil<\/span>\n\t\t\t\t\t<\/span>\n\t\t\t\t\t<\/a>\n\t\t\t\t<\/div>\n\t\t\t\t\t\t\t\t<\/div>\n\t\t\t\t<\/div>\n\t\t\t\t\t<\/div>\n\t\t<\/div>\n\t\t\t\t\t<\/div>\n\t\t<\/section>\n\t\t\t\t<\/div>\n\t\t","protected":false},"excerpt":{"rendered":"<p>Arriv\u00e9e du couple de Padda de Java le 5 octobre 2020le couple prend ses rep\u00e8res dans la premi\u00e8re cage cela se passe bien&nbsp;le 5 novembre je remplace la cage par la nouvelle , il a fallut qu&rsquo;on les attrapent , ce ne fut pas une mince affaire&nbsp;ils \u00e9taient perdus dans la nouvelle cage mais se [&hellip;]<\/p>\n","protected":false},"author":1,"featured_media":0,"parent":0,"menu_order":0,"comment_status":"closed","ping_status":"closed","template":"","meta":{"ocean_post_layout":"full-screen","ocean_both_sidebars_style":"","ocean_both_sidebars_content_width":0,"ocean_both_sidebars_sidebars_width":0,"ocean_sidebar":"0","ocean_second_sidebar":"0","ocean_disable_margins":"enable","ocean_add_body_class":"","ocean_shortcode_before_top_bar":"","ocean_shortcode_after_top_bar":"","ocean_shortcode_before_header":"","ocean_shortcode_after_header":"","ocean_has_shortcode":"","ocean_shortcode_after_title":"","ocean_shortcode_before_footer_widgets":"","ocean_shortcode_after_footer_widgets":"","ocean_shortcode_before_footer_bottom":"","ocean_shortcode_after_footer_bottom":"","ocean_display_top_bar":"off","ocean_display_header":"default","ocean_header_style":"","ocean_center_header_left_menu":"0","ocean_custom_header_template":"0","ocean_custom_logo":0,"ocean_custom_retina_logo":0,"ocean_custom_logo_max_width":0,"ocean_custom_logo_tablet_max_width":0,"ocean_custom_logo_mobile_max_width":0,"ocean_custom_logo_max_height":0,"ocean_custom_logo_tablet_max_height":0,"ocean_custom_logo_mobile_max_height":0,"ocean_header_custom_menu":"0","ocean_menu_typo_font_family":"0","ocean_menu_typo_font_subset":"","ocean_menu_typo_font_size":0,"ocean_menu_typo_font_size_tablet":0,"ocean_menu_typo_font_size_mobile":0,"ocean_menu_typo_font_size_unit":"px","ocean_menu_typo_font_weight":"","ocean_menu_typo_font_weight_tablet":"","ocean_menu_typo_font_weight_mobile":"","ocean_menu_typo_transform":"","ocean_menu_typo_transform_tablet":"","ocean_menu_typo_transform_mobile":"","ocean_menu_typo_line_height":0,"ocean_menu_typo_line_height_tablet":0,"ocean_menu_typo_line_height_mobile":0,"ocean_menu_typo_line_height_unit":"","ocean_menu_typo_spacing":0,"ocean_menu_typo_spacing_tablet":0,"ocean_menu_typo_spacing_mobile":0,"ocean_menu_typo_spacing_unit":"","ocean_menu_link_color":"","ocean_menu_link_color_hover":"","ocean_menu_link_color_active":"","ocean_menu_link_background":"","ocean_menu_link_hover_background":"","ocean_menu_link_active_background":"","ocean_menu_social_links_bg":"","ocean_menu_social_hover_links_bg":"","ocean_menu_social_links_color":"","ocean_menu_social_hover_links_color":"","ocean_disable_title":"default","ocean_disable_heading":"default","ocean_post_title":"","ocean_post_subheading":"","ocean_post_title_style":"","ocean_post_title_background_color":"","ocean_post_title_background":0,"ocean_post_title_bg_image_position":"","ocean_post_title_bg_image_attachment":"","ocean_post_title_bg_image_repeat":"","ocean_post_title_bg_image_size":"","ocean_post_title_height":0,"ocean_post_title_bg_overlay":0.5,"ocean_post_title_bg_overlay_color":"","ocean_disable_breadcrumbs":"default","ocean_breadcrumbs_color":"","ocean_breadcrumbs_separator_color":"","ocean_breadcrumbs_links_color":"","ocean_breadcrumbs_links_hover_color":"","ocean_display_footer_widgets":"off","ocean_display_footer_bottom":"off","ocean_custom_footer_template":"0","footnotes":""},"class_list":["post-113","page","type-page","status-publish","hentry","entry"],"yoast_head":"<!-- This site is optimized with the Yoast SEO plugin v27.4 - https:\/\/yoast.com\/product\/yoast-seo-wordpress\/ -->\n<title>Reproduction - PADDA EN ALSACE<\/title>\n<meta name=\"robots\" content=\"index, follow, max-snippet:-1, max-image-preview:large, max-video-preview:-1\" \/>\n<link rel=\"canonical\" href=\"https:\/\/hecttar68.fr\/padda68\/reproduction\/\" \/>\n<meta property=\"og:locale\" content=\"fr_FR\" \/>\n<meta property=\"og:type\" content=\"article\" \/>\n<meta property=\"og:title\" content=\"Reproduction - PADDA EN ALSACE\" \/>\n<meta property=\"og:description\" content=\"Arriv\u00e9e du couple de Padda de Java le 5 octobre 2020le couple prend ses rep\u00e8res dans la premi\u00e8re cage cela se passe bien&nbsp;le 5 novembre je remplace la cage par la nouvelle , il a fallut qu&rsquo;on les attrapent , ce ne fut pas une mince affaire&nbsp;ils \u00e9taient perdus dans la nouvelle cage mais se [&hellip;]\" \/>\n<meta property=\"og:url\" content=\"https:\/\/hecttar68.fr\/padda68\/reproduction\/\" \/>\n<meta property=\"og:site_name\" content=\"PADDA EN ALSACE\" \/>\n<meta property=\"article:modified_time\" content=\"2021-08-02T13:28:43+00:00\" \/>\n<meta property=\"og:image\" content=\"https:\/\/hecttar68.fr\/padda68\/wp-content\/uploads\/2021\/08\/IMG_20210602_171747-Copier-768x1024.jpg\" \/>\n<meta name=\"twitter:label1\" content=\"Dur\u00e9e de lecture estim\u00e9e\" \/>\n\t<meta name=\"twitter:data1\" content=\"2 minutes\" \/>\n<script type=\"application\/ld+json\" class=\"yoast-schema-graph\">{\"@context\":\"https:\\\/\\\/schema.org\",\"@graph\":[{\"@type\":\"WebPage\",\"@id\":\"https:\\\/\\\/hecttar68.fr\\\/padda68\\\/reproduction\\\/\",\"url\":\"https:\\\/\\\/hecttar68.fr\\\/padda68\\\/reproduction\\\/\",\"name\":\"Reproduction - PADDA EN ALSACE\",\"isPartOf\":{\"@id\":\"https:\\\/\\\/hecttar68.fr\\\/padda68\\\/#website\"},\"primaryImageOfPage\":{\"@id\":\"https:\\\/\\\/hecttar68.fr\\\/padda68\\\/reproduction\\\/#primaryimage\"},\"image\":{\"@id\":\"https:\\\/\\\/hecttar68.fr\\\/padda68\\\/reproduction\\\/#primaryimage\"},\"thumbnailUrl\":\"https:\\\/\\\/hecttar68.fr\\\/padda68\\\/wp-content\\\/uploads\\\/2021\\\/08\\\/IMG_20210602_171747-Copier-768x1024.jpg\",\"datePublished\":\"2021-07-31T16:37:23+00:00\",\"dateModified\":\"2021-08-02T13:28:43+00:00\",\"inLanguage\":\"fr-FR\",\"potentialAction\":[{\"@type\":\"ReadAction\",\"target\":[\"https:\\\/\\\/hecttar68.fr\\\/padda68\\\/reproduction\\\/\"]}]},{\"@type\":\"ImageObject\",\"inLanguage\":\"fr-FR\",\"@id\":\"https:\\\/\\\/hecttar68.fr\\\/padda68\\\/reproduction\\\/#primaryimage\",\"url\":\"https:\\\/\\\/hecttar68.fr\\\/padda68\\\/wp-content\\\/uploads\\\/2021\\\/08\\\/IMG_20210602_171747-Copier.jpg\",\"contentUrl\":\"https:\\\/\\\/hecttar68.fr\\\/padda68\\\/wp-content\\\/uploads\\\/2021\\\/08\\\/IMG_20210602_171747-Copier.jpg\",\"width\":810,\"height\":1080},{\"@type\":\"WebSite\",\"@id\":\"https:\\\/\\\/hecttar68.fr\\\/padda68\\\/#website\",\"url\":\"https:\\\/\\\/hecttar68.fr\\\/padda68\\\/\",\"name\":\"PADDA EN ALSACE\",\"description\":\"Exp\u00e9rience en tant que d\u00e9butant sur l&#039;\u00e9levage de PADDA\",\"publisher\":{\"@id\":\"https:\\\/\\\/hecttar68.fr\\\/padda68\\\/#\\\/schema\\\/person\\\/77a4a54746e7c6eece2474c96338c6d0\"},\"potentialAction\":[{\"@type\":\"SearchAction\",\"target\":{\"@type\":\"EntryPoint\",\"urlTemplate\":\"https:\\\/\\\/hecttar68.fr\\\/padda68\\\/?s={search_term_string}\"},\"query-input\":{\"@type\":\"PropertyValueSpecification\",\"valueRequired\":true,\"valueName\":\"search_term_string\"}}],\"inLanguage\":\"fr-FR\"},{\"@type\":[\"Person\",\"Organization\"],\"@id\":\"https:\\\/\\\/hecttar68.fr\\\/padda68\\\/#\\\/schema\\\/person\\\/77a4a54746e7c6eece2474c96338c6d0\",\"name\":\"admin\",\"image\":{\"@type\":\"ImageObject\",\"inLanguage\":\"fr-FR\",\"@id\":\"https:\\\/\\\/hecttar68.fr\\\/padda68\\\/wp-content\\\/uploads\\\/2021\\\/08\\\/20210803_171132.jpg\",\"url\":\"https:\\\/\\\/hecttar68.fr\\\/padda68\\\/wp-content\\\/uploads\\\/2021\\\/08\\\/20210803_171132.jpg\",\"contentUrl\":\"https:\\\/\\\/hecttar68.fr\\\/padda68\\\/wp-content\\\/uploads\\\/2021\\\/08\\\/20210803_171132.jpg\",\"width\":1920,\"height\":1597,\"caption\":\"admin\"},\"logo\":{\"@id\":\"https:\\\/\\\/hecttar68.fr\\\/padda68\\\/wp-content\\\/uploads\\\/2021\\\/08\\\/20210803_171132.jpg\"}}]}<\/script>\n<!-- \/ Yoast SEO plugin. -->","yoast_head_json":{"title":"Reproduction - PADDA EN ALSACE","robots":{"index":"index","follow":"follow","max-snippet":"max-snippet:-1","max-image-preview":"max-image-preview:large","max-video-preview":"max-video-preview:-1"},"canonical":"https:\/\/hecttar68.fr\/padda68\/reproduction\/","og_locale":"fr_FR","og_type":"article","og_title":"Reproduction - PADDA EN ALSACE","og_description":"Arriv\u00e9e du couple de Padda de Java le 5 octobre 2020le couple prend ses rep\u00e8res dans la premi\u00e8re cage cela se passe bien&nbsp;le 5 novembre je remplace la cage par la nouvelle , il a fallut qu&rsquo;on les attrapent , ce ne fut pas une mince affaire&nbsp;ils \u00e9taient perdus dans la nouvelle cage mais se [&hellip;]","og_url":"https:\/\/hecttar68.fr\/padda68\/reproduction\/","og_site_name":"PADDA EN ALSACE","article_modified_time":"2021-08-02T13:28:43+00:00","og_image":[{"url":"https:\/\/hecttar68.fr\/padda68\/wp-content\/uploads\/2021\/08\/IMG_20210602_171747-Copier-768x1024.jpg","type":"","width":"","height":""}],"twitter_misc":{"Dur\u00e9e de lecture estim\u00e9e":"2 minutes"},"schema":{"@context":"https:\/\/schema.org","@graph":[{"@type":"WebPage","@id":"https:\/\/hecttar68.fr\/padda68\/reproduction\/","url":"https:\/\/hecttar68.fr\/padda68\/reproduction\/","name":"Reproduction - PADDA EN ALSACE","isPartOf":{"@id":"https:\/\/hecttar68.fr\/padda68\/#website"},"primaryImageOfPage":{"@id":"https:\/\/hecttar68.fr\/padda68\/reproduction\/#primaryimage"},"image":{"@id":"https:\/\/hecttar68.fr\/padda68\/reproduction\/#primaryimage"},"thumbnailUrl":"https:\/\/hecttar68.fr\/padda68\/wp-content\/uploads\/2021\/08\/IMG_20210602_171747-Copier-768x1024.jpg","datePublished":"2021-07-31T16:37:23+00:00","dateModified":"2021-08-02T13:28:43+00:00","inLanguage":"fr-FR","potentialAction":[{"@type":"ReadAction","target":["https:\/\/hecttar68.fr\/padda68\/reproduction\/"]}]},{"@type":"ImageObject","inLanguage":"fr-FR","@id":"https:\/\/hecttar68.fr\/padda68\/reproduction\/#primaryimage","url":"https:\/\/hecttar68.fr\/padda68\/wp-content\/uploads\/2021\/08\/IMG_20210602_171747-Copier.jpg","contentUrl":"https:\/\/hecttar68.fr\/padda68\/wp-content\/uploads\/2021\/08\/IMG_20210602_171747-Copier.jpg","width":810,"height":1080},{"@type":"WebSite","@id":"https:\/\/hecttar68.fr\/padda68\/#website","url":"https:\/\/hecttar68.fr\/padda68\/","name":"PADDA EN ALSACE","description":"Exp\u00e9rience en tant que d\u00e9butant sur l&#039;\u00e9levage de PADDA","publisher":{"@id":"https:\/\/hecttar68.fr\/padda68\/#\/schema\/person\/77a4a54746e7c6eece2474c96338c6d0"},"potentialAction":[{"@type":"SearchAction","target":{"@type":"EntryPoint","urlTemplate":"https:\/\/hecttar68.fr\/padda68\/?s={search_term_string}"},"query-input":{"@type":"PropertyValueSpecification","valueRequired":true,"valueName":"search_term_string"}}],"inLanguage":"fr-FR"},{"@type":["Person","Organization"],"@id":"https:\/\/hecttar68.fr\/padda68\/#\/schema\/person\/77a4a54746e7c6eece2474c96338c6d0","name":"admin","image":{"@type":"ImageObject","inLanguage":"fr-FR","@id":"https:\/\/hecttar68.fr\/padda68\/wp-content\/uploads\/2021\/08\/20210803_171132.jpg","url":"https:\/\/hecttar68.fr\/padda68\/wp-content\/uploads\/2021\/08\/20210803_171132.jpg","contentUrl":"https:\/\/hecttar68.fr\/padda68\/wp-content\/uploads\/2021\/08\/20210803_171132.jpg","width":1920,"height":1597,"caption":"admin"},"logo":{"@id":"https:\/\/hecttar68.fr\/padda68\/wp-content\/uploads\/2021\/08\/20210803_171132.jpg"}}]}},"_links":{"self":[{"href":"https:\/\/hecttar68.fr\/padda68\/wp-json\/wp\/v2\/pages\/113","targetHints":{"allow":["GET"]}}],"collection":[{"href":"https:\/\/hecttar68.fr\/padda68\/wp-json\/wp\/v2\/pages"}],"about":[{"href":"https:\/\/hecttar68.fr\/padda68\/wp-json\/wp\/v2\/types\/page"}],"author":[{"embeddable":true,"href":"https:\/\/hecttar68.fr\/padda68\/wp-json\/wp\/v2\/users\/1"}],"replies":[{"embeddable":true,"href":"https:\/\/hecttar68.fr\/padda68\/wp-json\/wp\/v2\/comments?post=113"}],"version-history":[{"count":0,"href":"https:\/\/hecttar68.fr\/padda68\/wp-json\/wp\/v2\/pages\/113\/revisions"}],"wp:attachment":[{"href":"https:\/\/hecttar68.fr\/padda68\/wp-json\/wp\/v2\/media?parent=113"}],"curies":[{"name":"wp","href":"https:\/\/api.w.org\/{rel}","templated":true}]}}