{"id":109,"date":"2021-07-31T17:35:40","date_gmt":"2021-07-31T16:35:40","guid":{"rendered":"https:\/\/hecttar68.fr\/padda68\/?page_id=109"},"modified":"2021-08-03T17:57:16","modified_gmt":"2021-08-03T16:57:16","slug":"mes-debuts","status":"publish","type":"page","link":"https:\/\/hecttar68.fr\/padda68\/mes-debuts\/","title":{"rendered":"Mes d\u00e9buts"},"content":{"rendered":"\t\t<div data-elementor-type=\"wp-page\" data-elementor-id=\"109\" class=\"elementor elementor-109\">\n\t\t\t\t\t\t<section class=\"elementor-section elementor-top-section elementor-element elementor-element-22718a98 elementor-section-boxed elementor-section-height-default elementor-section-height-default\" data-id=\"22718a98\" data-element_type=\"section\" data-e-type=\"section\">\n\t\t\t\t\t\t<div class=\"elementor-container elementor-column-gap-default\">\n\t\t\t\t\t<div class=\"elementor-column elementor-col-100 elementor-top-column elementor-element elementor-element-7611183c\" data-id=\"7611183c\" data-element_type=\"column\" data-e-type=\"column\">\n\t\t\t<div class=\"elementor-widget-wrap elementor-element-populated\">\n\t\t\t\t\t\t<div class=\"elementor-element elementor-element-2b485d2d elementor-widget elementor-widget-text-editor\" data-id=\"2b485d2d\" data-element_type=\"widget\" data-e-type=\"widget\" data-widget_type=\"text-editor.default\">\n\t\t\t\t<div class=\"elementor-widget-container\">\n\t\t\t\t\t\t\t\t\t<h2>Le <b>5 octobre 2021, je d\u00e9cide de me lancer dans la reproduction de padda<br><\/b><p><\/p>\n<\/h2><h2><b>J&rsquo;ach\u00e8te dans une animalerie&nbsp; un couple de padda Isabelle, une cage et un nichoir<br><\/b><b>j&rsquo;ai vite trouv\u00e9 que la cage \u00e9tait un peu petite pour deux oiseaux ,dimensions : 64 x 38 x 73,5 cm<br><\/b><b>Alors je d\u00e9cide d&rsquo;en construire une .<\/b><\/h2>\n\n<div><br><\/div>\t\t\t\t\t\t\t\t<\/div>\n\t\t\t\t<\/div>\n\t\t\t\t\t<\/div>\n\t\t<\/div>\n\t\t\t\t\t<\/div>\n\t\t<\/section>\n\t\t\t\t<section class=\"elementor-section elementor-top-section elementor-element elementor-element-1921580 elementor-section-boxed elementor-section-height-default elementor-section-height-default\" data-id=\"1921580\" data-element_type=\"section\" data-e-type=\"section\">\n\t\t\t\t\t\t<div class=\"elementor-container elementor-column-gap-default\">\n\t\t\t\t\t<div class=\"elementor-column elementor-col-50 elementor-top-column elementor-element elementor-element-87888d8\" data-id=\"87888d8\" data-element_type=\"column\" data-e-type=\"column\">\n\t\t\t<div class=\"elementor-widget-wrap elementor-element-populated\">\n\t\t\t\t\t\t<div class=\"elementor-element elementor-element-9a46cb4 elementor-widget elementor-widget-image\" data-id=\"9a46cb4\" data-element_type=\"widget\" data-e-type=\"widget\" data-widget_type=\"image.default\">\n\t\t\t\t<div class=\"elementor-widget-container\">\n\t\t\t\t\t\t\t\t\t\t\t\t<figure class=\"wp-caption\">\n\t\t\t\t\t\t\t\t\t\t<img fetchpriority=\"high\" decoding=\"async\" width=\"659\" height=\"785\" src=\"https:\/\/hecttar68.fr\/padda68\/wp-content\/uploads\/2021\/07\/PADDA-MALE-ISABELLE-.jpg\" class=\"attachment-large size-large wp-image-142\" alt=\"\" srcset=\"https:\/\/hecttar68.fr\/padda68\/wp-content\/uploads\/2021\/07\/PADDA-MALE-ISABELLE-.jpg 659w, https:\/\/hecttar68.fr\/padda68\/wp-content\/uploads\/2021\/07\/PADDA-MALE-ISABELLE--252x300.jpg 252w\" sizes=\"(max-width: 659px) 100vw, 659px\" \/>\t\t\t\t\t\t\t\t\t\t\t<figcaption class=\"widget-image-caption wp-caption-text\">M\u00e2le<\/figcaption>\n\t\t\t\t\t\t\t\t\t\t<\/figure>\n\t\t\t\t\t\t\t\t\t<\/div>\n\t\t\t\t<\/div>\n\t\t\t\t\t<\/div>\n\t\t<\/div>\n\t\t\t\t<div class=\"elementor-column elementor-col-50 elementor-top-column elementor-element elementor-element-b85fbe4\" data-id=\"b85fbe4\" data-element_type=\"column\" data-e-type=\"column\">\n\t\t\t<div class=\"elementor-widget-wrap elementor-element-populated\">\n\t\t\t\t\t\t<div class=\"elementor-element elementor-element-e250b58 elementor-widget elementor-widget-image\" data-id=\"e250b58\" data-element_type=\"widget\" data-e-type=\"widget\" data-widget_type=\"image.default\">\n\t\t\t\t<div class=\"elementor-widget-container\">\n\t\t\t\t\t\t\t\t\t\t\t\t<figure class=\"wp-caption\">\n\t\t\t\t\t\t\t\t\t\t<img decoding=\"async\" width=\"768\" height=\"1024\" src=\"https:\/\/hecttar68.fr\/padda68\/wp-content\/uploads\/2021\/07\/FEMELLE-PADDA--768x1024.jpg\" class=\"attachment-large size-large wp-image-140\" alt=\"\" srcset=\"https:\/\/hecttar68.fr\/padda68\/wp-content\/uploads\/2021\/07\/FEMELLE-PADDA--768x1024.jpg 768w, https:\/\/hecttar68.fr\/padda68\/wp-content\/uploads\/2021\/07\/FEMELLE-PADDA--225x300.jpg 225w, https:\/\/hecttar68.fr\/padda68\/wp-content\/uploads\/2021\/07\/FEMELLE-PADDA--1152x1536.jpg 1152w, https:\/\/hecttar68.fr\/padda68\/wp-content\/uploads\/2021\/07\/FEMELLE-PADDA--1536x2048.jpg 1536w, https:\/\/hecttar68.fr\/padda68\/wp-content\/uploads\/2021\/07\/FEMELLE-PADDA--scaled.jpg 1920w\" sizes=\"(max-width: 768px) 100vw, 768px\" \/>\t\t\t\t\t\t\t\t\t\t\t<figcaption class=\"widget-image-caption wp-caption-text\">Femelle<\/figcaption>\n\t\t\t\t\t\t\t\t\t\t<\/figure>\n\t\t\t\t\t\t\t\t\t<\/div>\n\t\t\t\t<\/div>\n\t\t\t\t\t<\/div>\n\t\t<\/div>\n\t\t\t\t\t<\/div>\n\t\t<\/section>\n\t\t\t\t<section class=\"elementor-section elementor-top-section elementor-element elementor-element-17877e6 elementor-section-boxed elementor-section-height-default elementor-section-height-default\" data-id=\"17877e6\" data-element_type=\"section\" data-e-type=\"section\">\n\t\t\t\t\t\t<div class=\"elementor-container elementor-column-gap-default\">\n\t\t\t\t\t<div class=\"elementor-column elementor-col-50 elementor-top-column elementor-element elementor-element-efab379\" data-id=\"efab379\" data-element_type=\"column\" data-e-type=\"column\">\n\t\t\t<div class=\"elementor-widget-wrap elementor-element-populated\">\n\t\t\t\t\t\t<div class=\"elementor-element elementor-element-cf50d00 elementor-widget elementor-widget-image\" data-id=\"cf50d00\" data-element_type=\"widget\" data-e-type=\"widget\" data-widget_type=\"image.default\">\n\t\t\t\t<div class=\"elementor-widget-container\">\n\t\t\t\t\t\t\t\t\t\t\t\t<figure class=\"wp-caption\">\n\t\t\t\t\t\t\t\t\t\t<img decoding=\"async\" width=\"965\" height=\"1024\" src=\"https:\/\/hecttar68.fr\/padda68\/wp-content\/uploads\/2021\/07\/1-ere-cage-965x1024.jpg\" class=\"attachment-large size-large wp-image-152\" alt=\"\" srcset=\"https:\/\/hecttar68.fr\/padda68\/wp-content\/uploads\/2021\/07\/1-ere-cage-965x1024.jpg 965w, https:\/\/hecttar68.fr\/padda68\/wp-content\/uploads\/2021\/07\/1-ere-cage-283x300.jpg 283w, https:\/\/hecttar68.fr\/padda68\/wp-content\/uploads\/2021\/07\/1-ere-cage-768x815.jpg 768w, https:\/\/hecttar68.fr\/padda68\/wp-content\/uploads\/2021\/07\/1-ere-cage.jpg 1413w\" sizes=\"(max-width: 965px) 100vw, 965px\" \/>\t\t\t\t\t\t\t\t\t\t\t<figcaption class=\"widget-image-caption wp-caption-text\">Cage M\u00e9lodie 50<\/figcaption>\n\t\t\t\t\t\t\t\t\t\t<\/figure>\n\t\t\t\t\t\t\t\t\t<\/div>\n\t\t\t\t<\/div>\n\t\t\t\t\t<\/div>\n\t\t<\/div>\n\t\t\t\t<div class=\"elementor-column elementor-col-50 elementor-top-column elementor-element elementor-element-27e1afb\" data-id=\"27e1afb\" data-element_type=\"column\" data-e-type=\"column\">\n\t\t\t<div class=\"elementor-widget-wrap elementor-element-populated\">\n\t\t\t\t\t\t<div class=\"elementor-element elementor-element-6b6e110 elementor-widget elementor-widget-image\" data-id=\"6b6e110\" data-element_type=\"widget\" data-e-type=\"widget\" data-widget_type=\"image.default\">\n\t\t\t\t<div class=\"elementor-widget-container\">\n\t\t\t\t\t\t\t\t\t\t\t\t<figure class=\"wp-caption\">\n\t\t\t\t\t\t\t\t\t\t<img loading=\"lazy\" decoding=\"async\" width=\"470\" height=\"470\" src=\"https:\/\/hecttar68.fr\/padda68\/wp-content\/uploads\/2021\/07\/nichoir.webp\" class=\"attachment-large size-large wp-image-153\" alt=\"\" srcset=\"https:\/\/hecttar68.fr\/padda68\/wp-content\/uploads\/2021\/07\/nichoir.webp 470w, https:\/\/hecttar68.fr\/padda68\/wp-content\/uploads\/2021\/07\/nichoir-300x300.webp 300w, https:\/\/hecttar68.fr\/padda68\/wp-content\/uploads\/2021\/07\/nichoir-150x150.webp 150w\" sizes=\"(max-width: 470px) 100vw, 470px\" \/>\t\t\t\t\t\t\t\t\t\t\t<figcaption class=\"widget-image-caption wp-caption-text\">Nichoir Bois Duo 160<\/figcaption>\n\t\t\t\t\t\t\t\t\t\t<\/figure>\n\t\t\t\t\t\t\t\t\t<\/div>\n\t\t\t\t<\/div>\n\t\t\t\t\t<\/div>\n\t\t<\/div>\n\t\t\t\t\t<\/div>\n\t\t<\/section>\n\t\t\t\t<section class=\"elementor-section elementor-top-section elementor-element elementor-element-43afc16 elementor-section-boxed elementor-section-height-default elementor-section-height-default\" data-id=\"43afc16\" data-element_type=\"section\" data-e-type=\"section\">\n\t\t\t\t\t\t<div class=\"elementor-container elementor-column-gap-default\">\n\t\t\t\t\t<div class=\"elementor-column elementor-col-100 elementor-top-column elementor-element elementor-element-16741da\" data-id=\"16741da\" data-element_type=\"column\" data-e-type=\"column\">\n\t\t\t<div class=\"elementor-widget-wrap elementor-element-populated\">\n\t\t\t\t\t\t<div class=\"elementor-element elementor-element-e11bbd6 elementor-widget elementor-widget-button\" data-id=\"e11bbd6\" data-element_type=\"widget\" data-e-type=\"widget\" data-widget_type=\"button.default\">\n\t\t\t\t<div class=\"elementor-widget-container\">\n\t\t\t\t\t\t\t\t\t<div class=\"elementor-button-wrapper\">\n\t\t\t\t\t<a class=\"elementor-button elementor-button-link elementor-size-sm elementor-animation-pop\" href=\"https:\/\/hecttar68.fr\/padda68\/\">\n\t\t\t\t\t\t<span class=\"elementor-button-content-wrapper\">\n\t\t\t\t\t\t\t\t\t<span class=\"elementor-button-text\">Retour Accueil<\/span>\n\t\t\t\t\t<\/span>\n\t\t\t\t\t<\/a>\n\t\t\t\t<\/div>\n\t\t\t\t\t\t\t\t<\/div>\n\t\t\t\t<\/div>\n\t\t\t\t\t<\/div>\n\t\t<\/div>\n\t\t\t\t\t<\/div>\n\t\t<\/section>\n\t\t\t\t<\/div>\n\t\t","protected":false},"excerpt":{"rendered":"<p>Le 5 octobre 2021, je d\u00e9cide de me lancer dans la reproduction de padda J&rsquo;ach\u00e8te dans une animalerie&nbsp; un couple de padda Isabelle, une cage et un nichoirj&rsquo;ai vite trouv\u00e9 que la cage \u00e9tait un peu petite pour deux oiseaux ,dimensions : 64 x 38 x 73,5 cmAlors je d\u00e9cide d&rsquo;en construire une . M\u00e2le [&hellip;]<\/p>\n","protected":false},"author":1,"featured_media":0,"parent":0,"menu_order":0,"comment_status":"closed","ping_status":"closed","template":"","meta":{"ocean_post_layout":"full-screen","ocean_both_sidebars_style":"","ocean_both_sidebars_content_width":0,"ocean_both_sidebars_sidebars_width":0,"ocean_sidebar":"0","ocean_second_sidebar":"0","ocean_disable_margins":"enable","ocean_add_body_class":"","ocean_shortcode_before_top_bar":"","ocean_shortcode_after_top_bar":"","ocean_shortcode_before_header":"","ocean_shortcode_after_header":"","ocean_has_shortcode":"","ocean_shortcode_after_title":"","ocean_shortcode_before_footer_widgets":"","ocean_shortcode_after_footer_widgets":"","ocean_shortcode_before_footer_bottom":"","ocean_shortcode_after_footer_bottom":"","ocean_display_top_bar":"off","ocean_display_header":"default","ocean_header_style":"","ocean_center_header_left_menu":"0","ocean_custom_header_template":"0","ocean_custom_logo":0,"ocean_custom_retina_logo":0,"ocean_custom_logo_max_width":0,"ocean_custom_logo_tablet_max_width":0,"ocean_custom_logo_mobile_max_width":0,"ocean_custom_logo_max_height":0,"ocean_custom_logo_tablet_max_height":0,"ocean_custom_logo_mobile_max_height":0,"ocean_header_custom_menu":"0","ocean_menu_typo_font_family":"0","ocean_menu_typo_font_subset":"","ocean_menu_typo_font_size":0,"ocean_menu_typo_font_size_tablet":0,"ocean_menu_typo_font_size_mobile":0,"ocean_menu_typo_font_size_unit":"px","ocean_menu_typo_font_weight":"","ocean_menu_typo_font_weight_tablet":"","ocean_menu_typo_font_weight_mobile":"","ocean_menu_typo_transform":"","ocean_menu_typo_transform_tablet":"","ocean_menu_typo_transform_mobile":"","ocean_menu_typo_line_height":0,"ocean_menu_typo_line_height_tablet":0,"ocean_menu_typo_line_height_mobile":0,"ocean_menu_typo_line_height_unit":"","ocean_menu_typo_spacing":0,"ocean_menu_typo_spacing_tablet":0,"ocean_menu_typo_spacing_mobile":0,"ocean_menu_typo_spacing_unit":"","ocean_menu_link_color":"","ocean_menu_link_color_hover":"","ocean_menu_link_color_active":"","ocean_menu_link_background":"","ocean_menu_link_hover_background":"","ocean_menu_link_active_background":"","ocean_menu_social_links_bg":"","ocean_menu_social_hover_links_bg":"","ocean_menu_social_links_color":"","ocean_menu_social_hover_links_color":"","ocean_disable_title":"on","ocean_disable_heading":"default","ocean_post_title":"","ocean_post_subheading":"","ocean_post_title_style":"","ocean_post_title_background_color":"","ocean_post_title_background":0,"ocean_post_title_bg_image_position":"","ocean_post_title_bg_image_attachment":"","ocean_post_title_bg_image_repeat":"","ocean_post_title_bg_image_size":"","ocean_post_title_height":0,"ocean_post_title_bg_overlay":0.5,"ocean_post_title_bg_overlay_color":"","ocean_disable_breadcrumbs":"default","ocean_breadcrumbs_color":"","ocean_breadcrumbs_separator_color":"","ocean_breadcrumbs_links_color":"","ocean_breadcrumbs_links_hover_color":"","ocean_display_footer_widgets":"off","ocean_display_footer_bottom":"off","ocean_custom_footer_template":"0","footnotes":""},"class_list":["post-109","page","type-page","status-publish","hentry","entry"],"yoast_head":"<!-- This site is optimized with the Yoast SEO plugin v27.4 - https:\/\/yoast.com\/product\/yoast-seo-wordpress\/ -->\n<title>Mes d\u00e9buts - PADDA EN ALSACE<\/title>\n<meta name=\"robots\" content=\"index, follow, max-snippet:-1, max-image-preview:large, max-video-preview:-1\" \/>\n<link rel=\"canonical\" href=\"https:\/\/hecttar68.fr\/padda68\/mes-debuts\/\" \/>\n<meta property=\"og:locale\" content=\"fr_FR\" \/>\n<meta property=\"og:type\" content=\"article\" \/>\n<meta property=\"og:title\" content=\"Mes d\u00e9buts - PADDA EN ALSACE\" \/>\n<meta property=\"og:description\" content=\"Le 5 octobre 2021, je d\u00e9cide de me lancer dans la reproduction de padda J&rsquo;ach\u00e8te dans une animalerie&nbsp; un couple de padda Isabelle, une cage et un nichoirj&rsquo;ai vite trouv\u00e9 que la cage \u00e9tait un peu petite pour deux oiseaux ,dimensions : 64 x 38 x 73,5 cmAlors je d\u00e9cide d&rsquo;en construire une . M\u00e2le [&hellip;]\" \/>\n<meta property=\"og:url\" content=\"https:\/\/hecttar68.fr\/padda68\/mes-debuts\/\" \/>\n<meta property=\"og:site_name\" content=\"PADDA EN ALSACE\" \/>\n<meta property=\"article:modified_time\" content=\"2021-08-03T16:57:16+00:00\" \/>\n<meta property=\"og:image\" content=\"https:\/\/hecttar68.fr\/padda68\/wp-content\/uploads\/2021\/07\/PADDA-MALE-ISABELLE-.jpg\" \/>\n<meta name=\"twitter:label1\" content=\"Dur\u00e9e de lecture estim\u00e9e\" \/>\n\t<meta name=\"twitter:data1\" content=\"2 minutes\" \/>\n<script type=\"application\/ld+json\" class=\"yoast-schema-graph\">{\"@context\":\"https:\\\/\\\/schema.org\",\"@graph\":[{\"@type\":\"WebPage\",\"@id\":\"https:\\\/\\\/hecttar68.fr\\\/padda68\\\/mes-debuts\\\/\",\"url\":\"https:\\\/\\\/hecttar68.fr\\\/padda68\\\/mes-debuts\\\/\",\"name\":\"Mes d\u00e9buts - PADDA EN ALSACE\",\"isPartOf\":{\"@id\":\"https:\\\/\\\/hecttar68.fr\\\/padda68\\\/#website\"},\"primaryImageOfPage\":{\"@id\":\"https:\\\/\\\/hecttar68.fr\\\/padda68\\\/mes-debuts\\\/#primaryimage\"},\"image\":{\"@id\":\"https:\\\/\\\/hecttar68.fr\\\/padda68\\\/mes-debuts\\\/#primaryimage\"},\"thumbnailUrl\":\"https:\\\/\\\/hecttar68.fr\\\/padda68\\\/wp-content\\\/uploads\\\/2021\\\/07\\\/PADDA-MALE-ISABELLE-.jpg\",\"datePublished\":\"2021-07-31T16:35:40+00:00\",\"dateModified\":\"2021-08-03T16:57:16+00:00\",\"inLanguage\":\"fr-FR\",\"potentialAction\":[{\"@type\":\"ReadAction\",\"target\":[\"https:\\\/\\\/hecttar68.fr\\\/padda68\\\/mes-debuts\\\/\"]}]},{\"@type\":\"ImageObject\",\"inLanguage\":\"fr-FR\",\"@id\":\"https:\\\/\\\/hecttar68.fr\\\/padda68\\\/mes-debuts\\\/#primaryimage\",\"url\":\"https:\\\/\\\/hecttar68.fr\\\/padda68\\\/wp-content\\\/uploads\\\/2021\\\/07\\\/PADDA-MALE-ISABELLE-.jpg\",\"contentUrl\":\"https:\\\/\\\/hecttar68.fr\\\/padda68\\\/wp-content\\\/uploads\\\/2021\\\/07\\\/PADDA-MALE-ISABELLE-.jpg\",\"width\":659,\"height\":785},{\"@type\":\"WebSite\",\"@id\":\"https:\\\/\\\/hecttar68.fr\\\/padda68\\\/#website\",\"url\":\"https:\\\/\\\/hecttar68.fr\\\/padda68\\\/\",\"name\":\"PADDA EN ALSACE\",\"description\":\"Exp\u00e9rience en tant que d\u00e9butant sur l&#039;\u00e9levage de PADDA\",\"publisher\":{\"@id\":\"https:\\\/\\\/hecttar68.fr\\\/padda68\\\/#\\\/schema\\\/person\\\/77a4a54746e7c6eece2474c96338c6d0\"},\"potentialAction\":[{\"@type\":\"SearchAction\",\"target\":{\"@type\":\"EntryPoint\",\"urlTemplate\":\"https:\\\/\\\/hecttar68.fr\\\/padda68\\\/?s={search_term_string}\"},\"query-input\":{\"@type\":\"PropertyValueSpecification\",\"valueRequired\":true,\"valueName\":\"search_term_string\"}}],\"inLanguage\":\"fr-FR\"},{\"@type\":[\"Person\",\"Organization\"],\"@id\":\"https:\\\/\\\/hecttar68.fr\\\/padda68\\\/#\\\/schema\\\/person\\\/77a4a54746e7c6eece2474c96338c6d0\",\"name\":\"admin\",\"image\":{\"@type\":\"ImageObject\",\"inLanguage\":\"fr-FR\",\"@id\":\"https:\\\/\\\/hecttar68.fr\\\/padda68\\\/wp-content\\\/uploads\\\/2021\\\/08\\\/20210803_171132.jpg\",\"url\":\"https:\\\/\\\/hecttar68.fr\\\/padda68\\\/wp-content\\\/uploads\\\/2021\\\/08\\\/20210803_171132.jpg\",\"contentUrl\":\"https:\\\/\\\/hecttar68.fr\\\/padda68\\\/wp-content\\\/uploads\\\/2021\\\/08\\\/20210803_171132.jpg\",\"width\":1920,\"height\":1597,\"caption\":\"admin\"},\"logo\":{\"@id\":\"https:\\\/\\\/hecttar68.fr\\\/padda68\\\/wp-content\\\/uploads\\\/2021\\\/08\\\/20210803_171132.jpg\"}}]}<\/script>\n<!-- \/ Yoast SEO plugin. -->","yoast_head_json":{"title":"Mes d\u00e9buts - PADDA EN ALSACE","robots":{"index":"index","follow":"follow","max-snippet":"max-snippet:-1","max-image-preview":"max-image-preview:large","max-video-preview":"max-video-preview:-1"},"canonical":"https:\/\/hecttar68.fr\/padda68\/mes-debuts\/","og_locale":"fr_FR","og_type":"article","og_title":"Mes d\u00e9buts - PADDA EN ALSACE","og_description":"Le 5 octobre 2021, je d\u00e9cide de me lancer dans la reproduction de padda J&rsquo;ach\u00e8te dans une animalerie&nbsp; un couple de padda Isabelle, une cage et un nichoirj&rsquo;ai vite trouv\u00e9 que la cage \u00e9tait un peu petite pour deux oiseaux ,dimensions : 64 x 38 x 73,5 cmAlors je d\u00e9cide d&rsquo;en construire une . M\u00e2le [&hellip;]","og_url":"https:\/\/hecttar68.fr\/padda68\/mes-debuts\/","og_site_name":"PADDA EN ALSACE","article_modified_time":"2021-08-03T16:57:16+00:00","og_image":[{"url":"https:\/\/hecttar68.fr\/padda68\/wp-content\/uploads\/2021\/07\/PADDA-MALE-ISABELLE-.jpg","type":"","width":"","height":""}],"twitter_misc":{"Dur\u00e9e de lecture estim\u00e9e":"2 minutes"},"schema":{"@context":"https:\/\/schema.org","@graph":[{"@type":"WebPage","@id":"https:\/\/hecttar68.fr\/padda68\/mes-debuts\/","url":"https:\/\/hecttar68.fr\/padda68\/mes-debuts\/","name":"Mes d\u00e9buts - PADDA EN ALSACE","isPartOf":{"@id":"https:\/\/hecttar68.fr\/padda68\/#website"},"primaryImageOfPage":{"@id":"https:\/\/hecttar68.fr\/padda68\/mes-debuts\/#primaryimage"},"image":{"@id":"https:\/\/hecttar68.fr\/padda68\/mes-debuts\/#primaryimage"},"thumbnailUrl":"https:\/\/hecttar68.fr\/padda68\/wp-content\/uploads\/2021\/07\/PADDA-MALE-ISABELLE-.jpg","datePublished":"2021-07-31T16:35:40+00:00","dateModified":"2021-08-03T16:57:16+00:00","inLanguage":"fr-FR","potentialAction":[{"@type":"ReadAction","target":["https:\/\/hecttar68.fr\/padda68\/mes-debuts\/"]}]},{"@type":"ImageObject","inLanguage":"fr-FR","@id":"https:\/\/hecttar68.fr\/padda68\/mes-debuts\/#primaryimage","url":"https:\/\/hecttar68.fr\/padda68\/wp-content\/uploads\/2021\/07\/PADDA-MALE-ISABELLE-.jpg","contentUrl":"https:\/\/hecttar68.fr\/padda68\/wp-content\/uploads\/2021\/07\/PADDA-MALE-ISABELLE-.jpg","width":659,"height":785},{"@type":"WebSite","@id":"https:\/\/hecttar68.fr\/padda68\/#website","url":"https:\/\/hecttar68.fr\/padda68\/","name":"PADDA EN ALSACE","description":"Exp\u00e9rience en tant que d\u00e9butant sur l&#039;\u00e9levage de PADDA","publisher":{"@id":"https:\/\/hecttar68.fr\/padda68\/#\/schema\/person\/77a4a54746e7c6eece2474c96338c6d0"},"potentialAction":[{"@type":"SearchAction","target":{"@type":"EntryPoint","urlTemplate":"https:\/\/hecttar68.fr\/padda68\/?s={search_term_string}"},"query-input":{"@type":"PropertyValueSpecification","valueRequired":true,"valueName":"search_term_string"}}],"inLanguage":"fr-FR"},{"@type":["Person","Organization"],"@id":"https:\/\/hecttar68.fr\/padda68\/#\/schema\/person\/77a4a54746e7c6eece2474c96338c6d0","name":"admin","image":{"@type":"ImageObject","inLanguage":"fr-FR","@id":"https:\/\/hecttar68.fr\/padda68\/wp-content\/uploads\/2021\/08\/20210803_171132.jpg","url":"https:\/\/hecttar68.fr\/padda68\/wp-content\/uploads\/2021\/08\/20210803_171132.jpg","contentUrl":"https:\/\/hecttar68.fr\/padda68\/wp-content\/uploads\/2021\/08\/20210803_171132.jpg","width":1920,"height":1597,"caption":"admin"},"logo":{"@id":"https:\/\/hecttar68.fr\/padda68\/wp-content\/uploads\/2021\/08\/20210803_171132.jpg"}}]}},"_links":{"self":[{"href":"https:\/\/hecttar68.fr\/padda68\/wp-json\/wp\/v2\/pages\/109","targetHints":{"allow":["GET"]}}],"collection":[{"href":"https:\/\/hecttar68.fr\/padda68\/wp-json\/wp\/v2\/pages"}],"about":[{"href":"https:\/\/hecttar68.fr\/padda68\/wp-json\/wp\/v2\/types\/page"}],"author":[{"embeddable":true,"href":"https:\/\/hecttar68.fr\/padda68\/wp-json\/wp\/v2\/users\/1"}],"replies":[{"embeddable":true,"href":"https:\/\/hecttar68.fr\/padda68\/wp-json\/wp\/v2\/comments?post=109"}],"version-history":[{"count":0,"href":"https:\/\/hecttar68.fr\/padda68\/wp-json\/wp\/v2\/pages\/109\/revisions"}],"wp:attachment":[{"href":"https:\/\/hecttar68.fr\/padda68\/wp-json\/wp\/v2\/media?parent=109"}],"curies":[{"name":"wp","href":"https:\/\/api.w.org\/{rel}","templated":true}]}}